{"id":607,"date":"2019-05-28T06:33:07","date_gmt":"2019-05-28T04:33:07","guid":{"rendered":"http:\/\/demos.reytheme.com\/newyork\/?page_id=607"},"modified":"2022-01-31T13:30:09","modified_gmt":"2022-01-31T12:30:09","slug":"about-us","status":"publish","type":"page","link":"https:\/\/www.samavita.at\/?page_id=607","title":{"rendered":"Leistungen"},"content":{"rendered":"\t\t<div data-elementor-type=\"wp-post\" data-elementor-id=\"607\" class=\"elementor elementor-607\" data-elementor-settings=\"[]\">\n\t\t\t\t\t\t\t<div class=\"elementor-section-wrap\">\n\t\t\t\t\t\t\t<section class=\"elementor-section elementor-top-section elementor-element elementor-element-52ca654f rey-flexWrap elementor-section-boxed elementor-section-gap-default elementor-section-height-default elementor-section-height-default\" data-id=\"52ca654f\" data-element_type=\"section\">\n\t\t\t\t\t\t<div class=\"elementor-container elementor-column-gap-default\">\n\t\t\t\t\t<div class=\"elementor-column elementor-col-100 elementor-top-column elementor-element elementor-element-43b7f452\" data-id=\"43b7f452\" data-element_type=\"column\">\n\t\t\t<div class=\"elementor-column-wrap--43b7f452 elementor-widget-wrap elementor-element-populated\">\n\t\t\t\t\t\t\t\t<div class=\"elementor-element elementor-element-3f172833 elementor-widget elementor-widget-heading\" data-id=\"3f172833\" data-element_type=\"widget\" data-widget_type=\"heading.default\">\n\t\t\t\t<div class=\"elementor-widget-container\">\n\t\t\t<h1 class=\"elementor-heading-title elementor-size-default\">Umfassende Betreuung<\/h1>\t\t<\/div>\n\t\t\t\t<\/div>\n\t\t\t\t<div class=\"elementor-element elementor-element-c294422 elementor-widget__width-auto elementor-widget-divider--view-line elementor-widget elementor-widget-divider\" data-id=\"c294422\" data-element_type=\"widget\" data-widget_type=\"divider.default\">\n\t\t\t\t<div class=\"elementor-widget-container\">\n\t\t\t\t\t<div class=\"elementor-divider\">\n\t\t\t<span class=\"elementor-divider-separator\">\n\t\t\t\t\t\t<\/span>\n\t\t<\/div>\n\t\t\t\t<\/div>\n\t\t\t\t<\/div>\n\t\t\t\t<div class=\"elementor-element elementor-element-79adc75 elementor-widget__width-initial u-links-anim-ul elementor-widget elementor-widget-text-editor\" data-id=\"79adc75\" data-element_type=\"widget\" data-widget_type=\"text-editor.default\">\n\t\t\t\t<div class=\"elementor-widget-container\">\n\t\t\t\t\t\t\t\t\t\t\t\t\t<\/div>\n\t\t\t\t<\/div>\n\t\t\t\t\t<\/div>\n\t\t<\/div>\n\t\t\t\t\t\t\t<\/div>\n\t\t<\/section>\n\t\t\t\t<section class=\"elementor-section elementor-top-section elementor-element elementor-element-60fe6dfe elementor-section-gap-no elementor-section-content-bottom elementor-section-boxed elementor-section-height-default elementor-section-height-default\" data-id=\"60fe6dfe\" data-element_type=\"section\">\n\t\t\t\t\t\t<div class=\"elementor-container elementor-column-gap-no\">\n\t\t\t\t\t<div class=\"elementor-column elementor-col-50 elementor-top-column elementor-element elementor-element-3a9e6f65 rey-colbg--classic\" data-id=\"3a9e6f65\" data-element_type=\"column\" data-settings=\"{&quot;background_background&quot;:&quot;classic&quot;}\">\n\t\t\t<div class=\"elementor-column-wrap--3a9e6f65 elementor-widget-wrap elementor-element-populated\">\n\t\t\t\t\t\t\t\t<div class=\"elementor-element elementor-element-66ba9cef elementor-widget elementor-widget-heading\" data-id=\"66ba9cef\" data-element_type=\"widget\" data-widget_type=\"heading.default\">\n\t\t\t\t<div class=\"elementor-widget-container\">\n\t\t\t<h2 class=\"elementor-heading-title elementor-size-default\">Wir machen den Unterschied<\/h2>\t\t<\/div>\n\t\t\t\t<\/div>\n\t\t\t\t\t<\/div>\n\t\t<\/div>\n\t\t\t\t<div class=\"elementor-column elementor-col-50 elementor-top-column elementor-element elementor-element-437702da\" data-id=\"437702da\" data-element_type=\"column\">\n\t\t\t<div class=\"elementor-column-wrap--437702da elementor-widget-wrap elementor-element-populated\">\n\t\t\t\t\t\t\t\t<section class=\"elementor-section elementor-inner-section elementor-element elementor-element-6c7bf377 elementor-section-gap-wider elementor-section-content-top elementor-section-boxed elementor-section-height-default elementor-section-height-default\" data-id=\"6c7bf377\" data-element_type=\"section\">\n\t\t\t\t\t\t<div class=\"elementor-container elementor-column-gap-wider\">\n\t\t\t\t\t<div class=\"elementor-column elementor-col-100 elementor-inner-column elementor-element elementor-element-44885101\" data-id=\"44885101\" data-element_type=\"column\">\n\t\t\t<div class=\"elementor-column-wrap--44885101 elementor-widget-wrap elementor-element-populated\">\n\t\t\t\t\t\t\t\t<div class=\"elementor-element elementor-element-21f7d285 elementor-widget elementor-widget-image\" data-id=\"21f7d285\" data-element_type=\"widget\" data-settings=\"{&quot;motion_fx_motion_fx_scrolling&quot;:&quot;yes&quot;,&quot;motion_fx_devices&quot;:[&quot;desktop&quot;,&quot;tablet&quot;,&quot;mobile&quot;]}\" data-widget_type=\"image.default\">\n\t\t\t\t<div class=\"elementor-widget-container\">\n\t\t\t\t\t\t\t\t\t\t\t\t\t\t\t<img width=\"1024\" height=\"682\" src=\"https:\/\/www.samavita.at\/wp-content\/uploads\/2022\/01\/hands-g62e5ddacb_1280-1024x682.jpg\" class=\"attachment-large size-large\" alt=\"\" loading=\"lazy\" srcset=\"https:\/\/www.samavita.at\/wp-content\/uploads\/2022\/01\/hands-g62e5ddacb_1280-1024x682.jpg 1024w, https:\/\/www.samavita.at\/wp-content\/uploads\/2022\/01\/hands-g62e5ddacb_1280-300x200.jpg 300w, https:\/\/www.samavita.at\/wp-content\/uploads\/2022\/01\/hands-g62e5ddacb_1280-768x512.jpg 768w, https:\/\/www.samavita.at\/wp-content\/uploads\/2022\/01\/hands-g62e5ddacb_1280.jpg 1280w\" sizes=\"(max-width: 1024px) 100vw, 1024px\" \/>\t\t\t\t\t\t\t\t\t\t\t\t\t\t\t<\/div>\n\t\t\t\t<\/div>\n\t\t\t\t\t<\/div>\n\t\t<\/div>\n\t\t\t\t\t\t\t<\/div>\n\t\t<\/section>\n\t\t\t\t\t<\/div>\n\t\t<\/div>\n\t\t\t\t\t\t\t<\/div>\n\t\t<\/section>\n\t\t\t\t<section class=\"elementor-section elementor-top-section elementor-element elementor-element-a818662 rey-flexWrap elementor-section-boxed elementor-section-gap-default elementor-section-height-default elementor-section-height-default\" data-id=\"a818662\" data-element_type=\"section\">\n\t\t\t\t\t\t<div class=\"elementor-container elementor-column-gap-default\">\n\t\t\t\t\t<div class=\"elementor-column elementor-col-100 elementor-top-column elementor-element elementor-element-908df80\" data-id=\"908df80\" data-element_type=\"column\">\n\t\t\t<div class=\"elementor-column-wrap--908df80 elementor-widget-wrap elementor-element-populated\">\n\t\t\t\t\t\t\t\t<div class=\"elementor-element elementor-element-debe427 elementor-widget elementor-widget-heading\" data-id=\"debe427\" data-element_type=\"widget\" data-widget_type=\"heading.default\">\n\t\t\t\t<div class=\"elementor-widget-container\">\n\t\t\t<h2 class=\"elementor-heading-title elementor-size-default\">Betreuungst\u00e4tigkeiten<\/h2>\t\t<\/div>\n\t\t\t\t<\/div>\n\t\t\t\t<div class=\"elementor-element elementor-element-a6fe4ab elementor-widget__width-initial u-links-anim-ul elementor-widget elementor-widget-text-editor\" data-id=\"a6fe4ab\" data-element_type=\"widget\" data-widget_type=\"text-editor.default\">\n\t\t\t\t<div class=\"elementor-widget-container\">\n\t\t\t\t\t\t\t<p><strong>Haushaltsnahe Dienstleistungen<br \/><\/strong>Wie die Zubereitung von Mahlzeitebn, Reinigungst\u00e4tigkeiten, Besorgungen au\u00dferhalb des wohnbereiches (Einkauf, Post) Durchf\u00fchrung von Hausarbeiten und Boteng\u00e4ngen, Sorgetragung f\u00fcr ein gesundes Raumklima, W\u00e4scheversorgung (Waschen, B\u00fcgeln, u.a.) oder die Betreuung von Tieren und Pflanzen.<\/p><p><strong>Unterst\u00fctzung bei der Lebensf\u00fchrung<br \/><\/strong>Hilfestellung bei der Gestaltung des Tagesablaufes und bei allt\u00e4glichen Verrichtungen.<\/p><p><strong>Gesellschafterfunktion<br \/><\/strong>Konversation f\u00fchren, Aufrechterhaltung gesellschaftlicher Kontakte, Begleitung bei diversen Aktivit\u00e4ten<\/p><p><strong>F\u00fchrung eines Haushaltsbuches und T\u00e4tigkeitsbericht<br \/><\/strong>mit genauen Aufzeichnungen \u00fcber alle f\u00fcr die betreuungsbed\u00fcrftige Person get\u00e4tigten Aufgaben sowie ein Bericht \u00fcber alle T\u00e4tigkeiten (Aufbewahrungsfrist 2 Jahre)=<\/p><p><strong>Vorbereitung auf einen Ortswechsel<br \/><\/strong>wie etwa Besuch, Urlaub oder Spitalsaufenthalt<\/p>\t\t\t\t\t\t<\/div>\n\t\t\t\t<\/div>\n\t\t\t\t\t<\/div>\n\t\t<\/div>\n\t\t\t\t\t\t\t<\/div>\n\t\t<\/section>\n\t\t\t\t<section class=\"elementor-section elementor-top-section elementor-element elementor-element-5bdda5f rey-flexWrap elementor-section-boxed elementor-section-gap-default elementor-section-height-default elementor-section-height-default\" data-id=\"5bdda5f\" data-element_type=\"section\">\n\t\t\t\t\t\t<div class=\"elementor-container elementor-column-gap-default\">\n\t\t\t\t\t<div class=\"elementor-column elementor-col-100 elementor-top-column elementor-element elementor-element-b23348f\" data-id=\"b23348f\" data-element_type=\"column\">\n\t\t\t<div class=\"elementor-column-wrap--b23348f elementor-widget-wrap elementor-element-populated\">\n\t\t\t\t\t\t\t\t<div class=\"elementor-element elementor-element-5624510 elementor-widget elementor-widget-heading\" data-id=\"5624510\" data-element_type=\"widget\" data-widget_type=\"heading.default\">\n\t\t\t\t<div class=\"elementor-widget-container\">\n\t\t\t<h2 class=\"elementor-heading-title elementor-size-default\">Pflegerische T\u00e4tigkeiten ohne Aufsicht<\/h2>\t\t<\/div>\n\t\t\t\t<\/div>\n\t\t\t\t<div class=\"elementor-element elementor-element-2025e61 elementor-widget__width-initial u-links-anim-ul elementor-widget elementor-widget-text-editor\" data-id=\"2025e61\" data-element_type=\"widget\" data-widget_type=\"text-editor.default\">\n\t\t\t\t<div class=\"elementor-widget-container\">\n\t\t\t\t\t\t\t<p>Folgende oflegerische T\u00e4tigkeiten d\u00fcrften Personenbetreuer\/innen ohne Aufsicht durchf\u00fchren, solange keine medizinischen Gr\u00fcnde dagegensprechen:<\/p><ul><li>Unterst\u00fctzung bei oraler Nahrungs- und Fl\u00fcssigkeits- sowie Arzneimittelaufnahme<\/li><li>Unterst\u00fctzung bei der K\u00f6rperpflege (Waschen, Baden, Benutzen der Toilette, des Leibstuhls und Hilfestellung beim Waschen von Inkontienzprodukten<\/li><li>Unterst\u00fctzung beim An-und Auskleiden<\/li><li>Unterst\u00fctzung beim Aufstehen, gehen, Niedersetzen und Niederlegen<\/li><\/ul>\t\t\t\t\t\t<\/div>\n\t\t\t\t<\/div>\n\t\t\t\t\t<\/div>\n\t\t<\/div>\n\t\t\t\t\t\t\t<\/div>\n\t\t<\/section>\n\t\t\t\t<section class=\"elementor-section elementor-top-section elementor-element elementor-element-466f243 rey-flexWrap elementor-section-boxed elementor-section-gap-default elementor-section-height-default elementor-section-height-default\" data-id=\"466f243\" data-element_type=\"section\">\n\t\t\t\t\t\t<div class=\"elementor-container elementor-column-gap-default\">\n\t\t\t\t\t<div class=\"elementor-column elementor-col-100 elementor-top-column elementor-element elementor-element-3b8265e\" data-id=\"3b8265e\" data-element_type=\"column\">\n\t\t\t<div class=\"elementor-column-wrap--3b8265e elementor-widget-wrap elementor-element-populated\">\n\t\t\t\t\t\t\t\t<div class=\"elementor-element elementor-element-e028874 elementor-widget elementor-widget-heading\" data-id=\"e028874\" data-element_type=\"widget\" data-widget_type=\"heading.default\">\n\t\t\t\t<div class=\"elementor-widget-container\">\n\t\t\t<h2 class=\"elementor-heading-title elementor-size-default\">\u00c4rztliche T\u00e4tigkeiten nur nach schriftlicher Anordnung von einem Arzt<\/h2>\t\t<\/div>\n\t\t\t\t<\/div>\n\t\t\t\t<div class=\"elementor-element elementor-element-b2e269e elementor-widget__width-initial u-links-anim-ul elementor-widget elementor-widget-text-editor\" data-id=\"b2e269e\" data-element_type=\"widget\" data-widget_type=\"text-editor.default\">\n\t\t\t\t<div class=\"elementor-widget-container\">\n\t\t\t\t\t\t\t<p>Liegt eine schriftliche \u00e4rztliche Anordnung mit Anleitung und Unterweisung vor, d\u00fcrfen selbstst\u00e4ndige Personenbetreuer\/innen im Einzelfall auf folgende T\u00e4tigkeiten durchf\u00fchren:<\/p><ul><li>Verabreichung von Medikamenten<\/li><li>Anlegen und Wechseln von\u00a0 Verb\u00e4nden und Bandagen (Auch St\u00fctzstr\u00fcmpfe)<\/li><li>Verabrechung von Subkutanen Insulininjektionen und subkutanen Injektionen von blutgerinnungshemmenden Arzneimitteln<\/li><li>Blutentnahme zur Bestimmung des Blutzuckerspiegels<\/li><li>Einfache Licht und W\u00e4rmeanwendungen<\/li><\/ul><p>\u00a0<\/p>\t\t\t\t\t\t<\/div>\n\t\t\t\t<\/div>\n\t\t\t\t\t<\/div>\n\t\t<\/div>\n\t\t\t\t\t\t\t<\/div>\n\t\t<\/section>\n\t\t\t\t\t\t<\/div>\n\t\t\t\t\t<\/div>\n\t\t","protected":false},"excerpt":{"rendered":"<p>Umfassende Betreuung Um einen optimalen Behandlungserfolg zu erreichen, verzichten Sie bitte 14 Tage vor der Behandlung auf Epilieren, wachsen, auszupfen,&nbsp; bleichen\/blondieren,&nbsp; Enthaarungscremes , Solarium.&nbsp; Der gew\u00fcnschte K\u00f6rperbereich, der behandelt werden m\u00f6chten, sollte einen Tag vor der Behandlung frisch rasiert werden. Wir machen den Unterschied Betreuungst\u00e4tigkeiten Haushaltsnahe Dienstleistungen Wie die Zubereitung von Mahlzeitebn, Reinigungst\u00e4tigkeiten, Besorgungen au\u00dferhalb [&hellip;]<\/p>\n","protected":false},"author":1,"featured_media":0,"parent":0,"menu_order":0,"comment_status":"closed","ping_status":"closed","template":"template-builder.php","meta":[],"acf":[],"_links":{"self":[{"href":"https:\/\/www.samavita.at\/index.php?rest_route=\/wp\/v2\/pages\/607"}],"collection":[{"href":"https:\/\/www.samavita.at\/index.php?rest_route=\/wp\/v2\/pages"}],"about":[{"href":"https:\/\/www.samavita.at\/index.php?rest_route=\/wp\/v2\/types\/page"}],"author":[{"embeddable":true,"href":"https:\/\/www.samavita.at\/index.php?rest_route=\/wp\/v2\/users\/1"}],"replies":[{"embeddable":true,"href":"https:\/\/www.samavita.at\/index.php?rest_route=%2Fwp%2Fv2%2Fcomments&post=607"}],"version-history":[{"count":66,"href":"https:\/\/www.samavita.at\/index.php?rest_route=\/wp\/v2\/pages\/607\/revisions"}],"predecessor-version":[{"id":4770,"href":"https:\/\/www.samavita.at\/index.php?rest_route=\/wp\/v2\/pages\/607\/revisions\/4770"}],"wp:attachment":[{"href":"https:\/\/www.samavita.at\/index.php?rest_route=%2Fwp%2Fv2%2Fmedia&parent=607"}],"curies":[{"name":"wp","href":"https:\/\/api.w.org\/{rel}","templated":true}]}}